{"id":3951,"date":"2026-01-02T12:50:53","date_gmt":"2026-01-02T12:50:53","guid":{"rendered":"https:\/\/astropaycasinos.com\/uber-uns\/"},"modified":"2026-01-02T13:38:16","modified_gmt":"2026-01-02T13:38:16","slug":"uber-uns","status":"publish","type":"page","link":"https:\/\/astropaycasinos.com\/de\/uber-uns\/","title":{"rendered":"\u00dcber uns"},"content":{"rendered":"\t\t<div data-elementor-type=\"wp-page\" data-elementor-id=\"3951\" class=\"elementor elementor-3951\">\n\t\t\t\t<div class=\"elementor-element elementor-element-1507b8f e-flex e-con-boxed e-con e-parent\" data-id=\"1507b8f\" data-element_type=\"container\" data-settings=\"{&quot;background_background&quot;:&quot;classic&quot;}\">\n\t\t\t\t\t<div class=\"e-con-inner\">\n\t\t\t\t<div class=\"elementor-element elementor-element-e747878 elementor-hidden-desktop elementor-hidden-tablet elementor-hidden-mobile elementor-widget elementor-widget-ld_particles\" data-id=\"e747878\" data-element_type=\"widget\" data-widget_type=\"ld_particles.default\">\n\t\t\t\t<div class=\"elementor-widget-container\">\n\t\t\t\t\t\n\t\t<div class=\"ld-particles-container pos-rel w-100  lqd-particles-as-bg lqd-overlay lqd-particle-65f81126f25a8\">\n\t\t\t<div class=\"ld-particles-inner lqd-overlay pointer-events-none\" id=\"lqd-particle-65f81126f25a8\" data-particles=\"true\" data-particles-options='{\"particles\":{\"number\":{\"value\":10,\"density\":1},\"color\":{\"value\":[\"#9ACDDD\",\"#CDD6E0\"]},\"shape\":{\"type\":[\"circle\"]},\"opacity\":{\"value\":1,\"random\":true,\"anim\":{\"enable\":true,\"opacity_min\":1,\"speed\":2,\"sync\":true}},\"size\":{\"value\":2,\"random\":true},\"move\":{\"enable\":true,\"direction\":\"right\",\"speed\":2,\"out_mode\":\"out\"}},\"interactivity\":[],\"retina_detect\":true,\"asBG\":true}'><\/div>\t\n\t\t<\/div>\n\n\t\t\t\t\t<\/div>\n\t\t\t\t<\/div>\n\t\t<div class=\"elementor-element elementor-element-d4248a6 e-con-full e-flex e-con e-child\" data-id=\"d4248a6\" data-element_type=\"container\">\n\t\t<div class=\"elementor-element elementor-element-419016e e-con-full e-flex e-con e-child\" data-id=\"419016e\" data-element_type=\"container\">\n\t\t\t\t<div class=\"elementor-element elementor-element-74b2684 elementor-widget elementor-widget-hub_fancy_heading\" data-id=\"74b2684\" data-element_type=\"widget\" data-widget_type=\"hub_fancy_heading.default\">\n\t\t\t\t<div class=\"elementor-widget-container\">\n\t\t\t\t\t\n\t\t<div id=\"ld-fancy-heading-69e623896509e\" class=\"ld-fancy-heading pos-rel\">\n\t\t\t<h1 class=\"ld-fh-element d-inline-block pos-rel  elementor-heading-title lqd-highlight-classic lqd-highlight-grow-left h1\"  > \u00dcber uns<\/h1>\t\t<\/div>\n\n\t\t\t\t\t\t<\/div>\n\t\t\t\t<\/div>\n\t\t\t\t<div class=\"elementor-element elementor-element-8e4c82e elementor-widget elementor-widget-text-editor\" data-id=\"8e4c82e\" data-element_type=\"widget\" data-widget_type=\"text-editor.default\">\n\t\t\t\t<div class=\"elementor-widget-container\">\n\t\t\t\t\t\t\t\t\t<h2>Autoren und Mitwirkende<\/h2><p>Ich bin <a href=\"https:\/\/www.linkedin.com\/in\/jannes-de-koe-19b0756b\/\" target=\"_blank\" rel=\"noopener\">Jannes de Koe<\/a>, der Autor von Astropay Casinos und Inhaber der <a href=\"https:\/\/plyrmedia.com\/\" target=\"_blank\" rel=\"noopener\">iGaming-Marketingagentur PLYR Media<\/a>. Ich leite Online-Marketingagenturen, bin aber vor allem ein leidenschaftlicher Spieler. In jungen Jahren war ich professioneller Online-Pokerspieler und habe drei Jahre lang Vollzeit Poker gespielt. Nach dem Ende des Pokerbooms begann ich bei verschiedenen Online-Marketingunternehmen zu arbeiten, doch die Leidenschaft f\u00fcrs Spielen ist ungebrochen. T\u00e4glich spiele ich Spielautomaten und Live-Casino-Spiele wie Roulette und Blackjack. Ich kenne mich bestens in der iGaming-Branche aus, insbesondere in L\u00e4ndern wie den Niederlanden, Deutschland, Australien und Kanada.<\/p><p>Astropay Casinos ist eine meiner Webseiten. Ich sch\u00e4tze die Astropay-Casino-Gutscheine, da ich mit dieser Zahlungsmethode meine pers\u00f6nlichen Bankdaten nicht in Online-Casinos angeben muss. Schlie\u00dflich wei\u00df man nie, was Casinos mit unseren Zahlungsdaten machen. Auf dieser Webseite biete ich Ihnen eine \u00dcbersicht der in Ihrer Sprache verf\u00fcgbaren Online-Casinos.<\/p><p>Mit dieser Astropay-Casinos-Webseite m\u00f6chte ich Spielern weltweit die besten Spielm\u00f6glichkeiten bieten. Vertrauensw\u00fcrdige Online-Casinos, die Astropay als Zahlungsmethode anbieten, gibt es zwar viele, aber sie sind schwer zu finden, da es Tausende von Online-Casinos gibt.<\/p><p>(Haftungsausschluss: Ich besitze kein Astropay-Casino; dies ist lediglich eine Vergleichsseite.)<\/p>\t\t\t\t\t\t\t\t<\/div>\n\t\t\t\t<\/div>\n\t\t\t\t<div class=\"elementor-element elementor-element-4ae17df elementor-widget elementor-widget-spacer\" data-id=\"4ae17df\" data-element_type=\"widget\" data-widget_type=\"spacer.default\">\n\t\t\t\t<div class=\"elementor-widget-container\">\n\t\t\t\t\t\t\t<div class=\"elementor-spacer\">\n\t\t\t<div class=\"elementor-spacer-inner\"><\/div>\n\t\t<\/div>\n\t\t\t\t\t\t<\/div>\n\t\t\t\t<\/div>\n\t\t\t\t<div class=\"elementor-element elementor-element-d8c8cc4 elementor-widget elementor-widget-heading\" data-id=\"d8c8cc4\" data-element_type=\"widget\" data-widget_type=\"heading.default\">\n\t\t\t\t<div class=\"elementor-widget-container\">\n\t\t\t\t\t<h2 class=\"elementor-heading-title elementor-size-default\">Abonnieren Sie unseren Newsletter<\/h2>\t\t\t\t<\/div>\n\t\t\t\t<\/div>\n\t\t\t\t<div class=\"elementor-element elementor-element-a4c7864 elementor-widget elementor-widget-spacer\" data-id=\"a4c7864\" data-element_type=\"widget\" data-widget_type=\"spacer.default\">\n\t\t\t\t<div class=\"elementor-widget-container\">\n\t\t\t\t\t\t\t<div class=\"elementor-spacer\">\n\t\t\t<div class=\"elementor-spacer-inner\"><\/div>\n\t\t<\/div>\n\t\t\t\t\t\t<\/div>\n\t\t\t\t<\/div>\n\t\t\t\t<div class=\"elementor-element elementor-element-34ea32e elementor-widget elementor-widget-ld_newsletter\" data-id=\"34ea32e\" data-element_type=\"widget\" data-widget_type=\"ld_newsletter.default\">\n\t\t\t\t<div class=\"elementor-widget-container\">\n\t\t\t\t\t\n\t\t<div id=\"lqd-newsletter-34ea32e\" class=\"ld-sf pos-rel ld-sf--input-solid ld-sf--button-solid   ld-sf--size-lg ld-sf--circle ld-sf--inputs-has-border ld-sf--border-thick ld-sf--input-shadow ld-sf--button-show ld-sf--button-inside button-shrinked \">\n\t\t\t<form class=\"ld_subscribe_form ld_sf_form pos-rel\" method=\"post\" action=\"https:\/\/astropaycasinos.com\/de\/uber-uns\/\">\n\t\t\t\t<p class=\"ld_sf_paragraph pos-rel\">\n\t\t\t\t\t\t\t\t\t\t<input type=\"email\" class=\"ld_sf_text ld_sf_email d-block w-100 border-radius-2\" name=\"email\" placeholder=\"Ihre E-Mail-Adresse\" \/>\n\t\t\t\t<\/p>\n\t\t\t\t\t\t\t\t<button type=\"submit\" class=\"ld_sf_submit d-inline-flex align-items-center justify-content-center m-0 border-radius-2 pos-rel\"><span class=\"submit-text\">Subscribe<\/span> <span class=\"ld-sf-spinner border-radius-circle pos-abs overflow-hidden\"><span class=\"d-block lqd-overlay border-radius-circle\">Sending <\/span><\/span><\/button>\t\t\t\t<input type=\"hidden\" name=\"use_opt_in\" class=\"ld_sf_use_opt_in\" value=\"\">\n\t\t\t\t<input type=\"hidden\" class=\"ld_sf_list_id\" name=\"list_id\" value=\"0\">\n\t\t\t\t\n\t\t\t\t<input type=\"hidden\" id=\"_wpnonce\" name=\"_wpnonce\" value=\"2197d3ae4b\" \/><input type=\"hidden\" name=\"_wp_http_referer\" value=\"\/de\/wp-json\/wp\/v2\/pages\/3951\" \/>\t\t\t<\/form>\n\t\t\t<div class=\"ld_sf_response\"><\/div>\n\t\t<\/div>\t\n\n\t\t\t\t\t\t<\/div>\n\t\t\t\t<\/div>\n\t\t\t\t<\/div>\n\t\t<div class=\"lqd-css-sticky elementor-element elementor-element-975a840 e-con-full e-flex e-con e-child\" style=\"top: auto; top: 70px;\" data-id=\"975a840\" data-element_type=\"container\">\n\t\t\t\t<div class=\"elementor-element elementor-element-087263b elementor-widget__width-initial elementor-widget-tablet__width-initial elementor-widget elementor-widget-ld_fancy_image\" data-id=\"087263b\" data-element_type=\"widget\" data-widget_type=\"ld_fancy_image.default\">\n\t\t\t\t<div class=\"elementor-widget-container\">\n\t\t\t\t\t\n\t\t<div class=\"lqd-imggrp-single d-block pos-rel \" data-float=\"\">\n\t\t\t<div class=\"lqd-imggrp-img-container d-inline-flex pos-rel align-items-center justify-content-center \">\n\t\t\t\t\t\t\t\t<figure class=\"w-100 pos-rel\">\n\t\t\t\t\t<img fetchpriority=\"high\" decoding=\"async\" width=\"431\" height=\"628\" src=\"data:image\/svg+xml;charset=utf-8,%3Csvg xmlns%3D&#039;http%3A%2F%2Fwww.w3.org%2F2000%2Fsvg&#039; viewBox%3D&#039;0 0 431 628&#039;%2F%3E\" class=\"attachment-full size-full wp-image-2511 ld-lazyload\" alt=\"\" itemprop=\"image\" data-src=\"https:\/\/astropaycasinos.com\/wp-content\/uploads\/2024\/03\/AstroPayCasinos-astronaut.webp\" data-srcset=\"https:\/\/astropaycasinos.com\/wp-content\/uploads\/2024\/03\/AstroPayCasinos-astronaut.webp 431w, https:\/\/astropaycasinos.com\/wp-content\/uploads\/2024\/03\/AstroPayCasinos-astronaut-206x300.webp 206w\" data-sizes=\"(max-width: 431px) 100vw, 431px\" data-aspect=\"0.68630573248408\" \/>\t\t\t\t\t\t\t\t\t\t\t\t\t\t\t\t\t\t\t\t\t\t\t\t\t\t\t\t\t<\/figure>\n\t\t\t<\/div>\n\t\t<\/div>\n\n\t\t\t\t\t<\/div>\n\t\t\t\t<\/div>\n\t\t\t\t<\/div>\n\t\t\t\t<\/div>\n\t\t\t\t\t<\/div>\n\t\t\t\t<\/div>\n\t\t<div data-section-luminosity=\"dark\" class=\"elementor-element elementor-element-5910041 e-flex e-con-boxed e-con e-parent\" data-id=\"5910041\" data-element_type=\"container\" data-settings=\"{&quot;background_background&quot;:&quot;gradient&quot;,&quot;shape_divider_top&quot;:&quot;lqd-custom-shape-2&quot;}\">\n\t\t\t\t\t<div class=\"e-con-inner\">\n\t\t\t\t<div class=\"elementor-shape elementor-shape-top\" aria-hidden=\"true\" data-negative=\"false\">\n\t\t\t<svg class=\"lqd-custom-shape\" xmlns=\"http:\/\/www.w3.org\/2000\/svg\" viewBox=\"0 0 100 100\" preserveAspectRatio=\"none\">\n    <path class=\"elementor-shape-fill\" d=\"M0 100 C40 0 60 0 100 100 Z\"\/>\n<\/svg>\t\t<\/div>\n\t\t<div class=\"elementor-element elementor-element-6ba02f4 e-con-full e-flex e-con e-child\" data-id=\"6ba02f4\" data-element_type=\"container\">\n\t\t<div class=\"elementor-element elementor-element-415f7db e-grid e-con-boxed e-con e-child\" data-id=\"415f7db\" data-element_type=\"container\">\n\t\t\t\t\t<div class=\"e-con-inner\">\n\t\t\t\t<div class=\"elementor-element elementor-element-ad0e239 elementor-widget elementor-widget-image\" data-id=\"ad0e239\" data-element_type=\"widget\" data-widget_type=\"image.default\">\n\t\t\t\t<div class=\"elementor-widget-container\">\n\t\t\t\t\t\t\t\t\t\t\t\t\t\t\t\t<a href=\"https:\/\/astropaycasinos.com\/\">\n\t\t\t\t\t\t\t<img decoding=\"async\" width=\"513\" height=\"513\" src=\"https:\/\/astropaycasinos.com\/wp-content\/uploads\/2024\/03\/AstroPayCasinosCom.webp\" class=\"attachment-full size-full wp-image-2504\" alt=\"\" srcset=\"https:\/\/astropaycasinos.com\/wp-content\/uploads\/2024\/03\/AstroPayCasinosCom.webp 513w, https:\/\/astropaycasinos.com\/wp-content\/uploads\/2024\/03\/AstroPayCasinosCom-300x300.webp 300w, https:\/\/astropaycasinos.com\/wp-content\/uploads\/2024\/03\/AstroPayCasinosCom-150x150.webp 150w, https:\/\/astropaycasinos.com\/wp-content\/uploads\/2024\/03\/AstroPayCasinosCom-320x320.webp 320w\" sizes=\"(max-width: 513px) 100vw, 513px\" \/>\t\t\t\t\t\t\t\t<\/a>\n\t\t\t\t\t\t\t\t\t\t\t\t\t\t\t<\/div>\n\t\t\t\t<\/div>\n\t\t\t\t<div class=\"elementor-element elementor-element-5162cb8 elementor-widget elementor-widget-image\" data-id=\"5162cb8\" data-element_type=\"widget\" data-widget_type=\"image.default\">\n\t\t\t\t<div class=\"elementor-widget-container\">\n\t\t\t\t\t\t\t\t\t\t\t\t\t\t\t\t<a href=\"https:\/\/www.responsiblegambling.org\/\">\n\t\t\t\t\t\t\t<img decoding=\"async\" width=\"100\" height=\"95\" src=\"data:image\/svg+xml;charset=utf-8,%3Csvg xmlns%3D&#039;http%3A%2F%2Fwww.w3.org%2F2000%2Fsvg&#039; viewBox%3D&#039;0 0 100 95&#039;%2F%3E\" class=\"attachment-full size-full wp-image-2507 ld-lazyload\" alt=\"\" data-src=\"https:\/\/astropaycasinos.com\/wp-content\/uploads\/2024\/03\/responsiblegambling-org.webp\" data-aspect=\"1.0526315789474\" \/>\t\t\t\t\t\t\t\t<\/a>\n\t\t\t\t\t\t\t\t\t\t\t\t\t\t\t<\/div>\n\t\t\t\t<\/div>\n\t\t\t\t<div class=\"elementor-element elementor-element-1e6c0c5 elementor-widget elementor-widget-image\" data-id=\"1e6c0c5\" data-element_type=\"widget\" data-widget_type=\"image.default\">\n\t\t\t\t<div class=\"elementor-widget-container\">\n\t\t\t\t\t\t\t\t\t\t\t\t\t\t\t\t<a href=\"https:\/\/www.gamblingtherapy.org\/en\">\n\t\t\t\t\t\t\t<img loading=\"lazy\" decoding=\"async\" width=\"100\" height=\"72\" src=\"data:image\/svg+xml;charset=utf-8,%3Csvg xmlns%3D&#039;http%3A%2F%2Fwww.w3.org%2F2000%2Fsvg&#039; viewBox%3D&#039;0 0 100 72&#039;%2F%3E\" class=\"attachment-full size-full wp-image-2506 ld-lazyload\" alt=\"\" data-src=\"https:\/\/astropaycasinos.com\/wp-content\/uploads\/2024\/03\/gamblingtherapy-org.webp\" data-aspect=\"1.3888888888889\" \/>\t\t\t\t\t\t\t\t<\/a>\n\t\t\t\t\t\t\t\t\t\t\t\t\t\t\t<\/div>\n\t\t\t\t<\/div>\n\t\t\t\t<div class=\"elementor-element elementor-element-6b90f5b elementor-widget elementor-widget-image\" data-id=\"6b90f5b\" data-element_type=\"widget\" data-widget_type=\"image.default\">\n\t\t\t\t<div class=\"elementor-widget-container\">\n\t\t\t\t\t\t\t\t\t\t\t\t\t\t\t\t<a href=\"https:\/\/www.begambleaware.org\/\">\n\t\t\t\t\t\t\t<img loading=\"lazy\" decoding=\"async\" width=\"200\" height=\"80\" src=\"data:image\/svg+xml;charset=utf-8,%3Csvg xmlns%3D&#039;http%3A%2F%2Fwww.w3.org%2F2000%2Fsvg&#039; viewBox%3D&#039;0 0 200 80&#039;%2F%3E\" class=\"attachment-full size-full wp-image-2505 ld-lazyload\" alt=\"\" data-src=\"https:\/\/astropaycasinos.com\/wp-content\/uploads\/2024\/03\/begambleaware-org.webp\" data-aspect=\"2.5\" \/>\t\t\t\t\t\t\t\t<\/a>\n\t\t\t\t\t\t\t\t\t\t\t\t\t\t\t<\/div>\n\t\t\t\t<\/div>\n\t\t\t\t\t<\/div>\n\t\t\t\t<\/div>\n\t\t\t\t<\/div>\n\t\t\t\t\t<\/div>\n\t\t\t\t<\/div>\n\t\t\t\t<\/div>\n\t\t","protected":false},"excerpt":{"rendered":"<p>\u00dcber uns Autoren und Mitwirkende Ich bin Jannes de Koe, der Autor von Astropay Casinos und Inhaber der iGaming-Marketingagentur PLYR Media. Ich leite Online-Marketingagenturen, bin aber vor allem ein leidenschaftlicher Spieler. In jungen Jahren war ich professioneller Online-Pokerspieler und habe drei Jahre lang Vollzeit Poker gespielt. Nach dem Ende des Pokerbooms begann ich bei verschiedenen [&hellip;]<\/p>\n","protected":false},"author":3,"featured_media":3866,"parent":0,"menu_order":0,"comment_status":"closed","ping_status":"closed","template":"","meta":{"footnotes":""},"class_list":["post-3951","page","type-page","status-publish","has-post-thumbnail","hentry"],"yoast_head":"<!-- This site is optimized with the Yoast SEO plugin v26.6 - https:\/\/yoast.com\/wordpress\/plugins\/seo\/ -->\n<title>\u00dcber uns \u2013 AstroPay Casinos 2026<\/title>\n<meta name=\"description\" content=\"Dies ist die \u201e\u00dcber uns\u201c-Seite von Astropay Casinos. Wer sind wir? Welche Erfahrung haben wir? Was machen wir? Erfahren Sie es hier!\" \/>\n<meta name=\"robots\" content=\"index, follow, max-snippet:-1, max-image-preview:large, max-video-preview:-1\" \/>\n<link rel=\"canonical\" href=\"https:\/\/astropaycasinos.com\/de\/uber-uns\/\" \/>\n<meta property=\"og:locale\" content=\"de_DE\" \/>\n<meta property=\"og:type\" content=\"article\" \/>\n<meta property=\"og:title\" content=\"\u00dcber uns \u2013 AstroPay Casinos 2026\" \/>\n<meta property=\"og:description\" content=\"Dies ist die \u201e\u00dcber uns\u201c-Seite von Astropay Casinos. Wer sind wir? Welche Erfahrung haben wir? Was machen wir? Erfahren Sie es hier!\" \/>\n<meta property=\"og:url\" content=\"https:\/\/astropaycasinos.com\/de\/uber-uns\/\" \/>\n<meta property=\"og:site_name\" content=\"AstroPay Casinos\" \/>\n<meta property=\"article:modified_time\" content=\"2026-01-02T13:38:16+00:00\" \/>\n<meta property=\"og:image\" content=\"https:\/\/astropaycasinos.com\/wp-content\/uploads\/2025\/12\/Astropay-Casinos.webp\" \/>\n\t<meta property=\"og:image:width\" content=\"300\" \/>\n\t<meta property=\"og:image:height\" content=\"300\" \/>\n\t<meta property=\"og:image:type\" content=\"image\/webp\" \/>\n<meta name=\"twitter:card\" content=\"summary_large_image\" \/>\n<meta name=\"twitter:label1\" content=\"Gesch\u00e4tzte Lesezeit\" \/>\n\t<meta name=\"twitter:data1\" content=\"2\u00a0Minuten\" \/>\n<script type=\"application\/ld+json\" class=\"yoast-schema-graph\">{\"@context\":\"https:\/\/schema.org\",\"@graph\":[{\"@type\":\"WebPage\",\"@id\":\"https:\/\/astropaycasinos.com\/de\/uber-uns\/\",\"url\":\"https:\/\/astropaycasinos.com\/de\/uber-uns\/\",\"name\":\"\u00dcber uns \u2013 AstroPay Casinos 2026\",\"isPartOf\":{\"@id\":\"https:\/\/astropaycasinos.com\/#website\"},\"primaryImageOfPage\":{\"@id\":\"https:\/\/astropaycasinos.com\/de\/uber-uns\/#primaryimage\"},\"image\":{\"@id\":\"https:\/\/astropaycasinos.com\/de\/uber-uns\/#primaryimage\"},\"thumbnailUrl\":\"https:\/\/astropaycasinos.com\/wp-content\/uploads\/2025\/12\/Astropay-Casinos.webp\",\"datePublished\":\"2026-01-02T12:50:53+00:00\",\"dateModified\":\"2026-01-02T13:38:16+00:00\",\"description\":\"Dies ist die \u201e\u00dcber uns\u201c-Seite von Astropay Casinos. Wer sind wir? Welche Erfahrung haben wir? Was machen wir? Erfahren Sie es hier!\",\"breadcrumb\":{\"@id\":\"https:\/\/astropaycasinos.com\/de\/uber-uns\/#breadcrumb\"},\"inLanguage\":\"de\",\"potentialAction\":[{\"@type\":\"ReadAction\",\"target\":[\"https:\/\/astropaycasinos.com\/de\/uber-uns\/\"]}]},{\"@type\":\"ImageObject\",\"inLanguage\":\"de\",\"@id\":\"https:\/\/astropaycasinos.com\/de\/uber-uns\/#primaryimage\",\"url\":\"https:\/\/astropaycasinos.com\/wp-content\/uploads\/2025\/12\/Astropay-Casinos.webp\",\"contentUrl\":\"https:\/\/astropaycasinos.com\/wp-content\/uploads\/2025\/12\/Astropay-Casinos.webp\",\"width\":300,\"height\":300,\"caption\":\"Astropay Casinos\"},{\"@type\":\"BreadcrumbList\",\"@id\":\"https:\/\/astropaycasinos.com\/de\/uber-uns\/#breadcrumb\",\"itemListElement\":[{\"@type\":\"ListItem\",\"position\":1,\"name\":\"Home\",\"item\":\"https:\/\/astropaycasinos.com\/de\/\"},{\"@type\":\"ListItem\",\"position\":2,\"name\":\"\u00dcber uns\"}]},{\"@type\":\"WebSite\",\"@id\":\"https:\/\/astropaycasinos.com\/#website\",\"url\":\"https:\/\/astropaycasinos.com\/\",\"name\":\"AstroPay Casinos\",\"description\":\"Online Casinos That Accept AstroPay\",\"publisher\":{\"@id\":\"https:\/\/astropaycasinos.com\/#organization\"},\"potentialAction\":[{\"@type\":\"SearchAction\",\"target\":{\"@type\":\"EntryPoint\",\"urlTemplate\":\"https:\/\/astropaycasinos.com\/?s={search_term_string}\"},\"query-input\":{\"@type\":\"PropertyValueSpecification\",\"valueRequired\":true,\"valueName\":\"search_term_string\"}}],\"inLanguage\":\"de\"},{\"@type\":\"Organization\",\"@id\":\"https:\/\/astropaycasinos.com\/#organization\",\"name\":\"AstroPay Casinos\",\"url\":\"https:\/\/astropaycasinos.com\/\",\"logo\":{\"@type\":\"ImageObject\",\"inLanguage\":\"de\",\"@id\":\"https:\/\/astropaycasinos.com\/#\/schema\/logo\/image\/\",\"url\":\"https:\/\/astropaycasinos.com\/wp-content\/uploads\/2021\/08\/AstroPayCasinos-logo-light.webp\",\"contentUrl\":\"https:\/\/astropaycasinos.com\/wp-content\/uploads\/2021\/08\/AstroPayCasinos-logo-light.webp\",\"width\":621,\"height\":171,\"caption\":\"AstroPay Casinos\"},\"image\":{\"@id\":\"https:\/\/astropaycasinos.com\/#\/schema\/logo\/image\/\"}}]}<\/script>\n<!-- \/ Yoast SEO plugin. -->","yoast_head_json":{"title":"\u00dcber uns \u2013 AstroPay Casinos 2026","description":"Dies ist die \u201e\u00dcber uns\u201c-Seite von Astropay Casinos. Wer sind wir? Welche Erfahrung haben wir? Was machen wir? Erfahren Sie es hier!","robots":{"index":"index","follow":"follow","max-snippet":"max-snippet:-1","max-image-preview":"max-image-preview:large","max-video-preview":"max-video-preview:-1"},"canonical":"https:\/\/astropaycasinos.com\/de\/uber-uns\/","og_locale":"de_DE","og_type":"article","og_title":"\u00dcber uns \u2013 AstroPay Casinos 2026","og_description":"Dies ist die \u201e\u00dcber uns\u201c-Seite von Astropay Casinos. Wer sind wir? Welche Erfahrung haben wir? Was machen wir? Erfahren Sie es hier!","og_url":"https:\/\/astropaycasinos.com\/de\/uber-uns\/","og_site_name":"AstroPay Casinos","article_modified_time":"2026-01-02T13:38:16+00:00","og_image":[{"width":300,"height":300,"url":"https:\/\/astropaycasinos.com\/wp-content\/uploads\/2025\/12\/Astropay-Casinos.webp","type":"image\/webp"}],"twitter_card":"summary_large_image","twitter_misc":{"Gesch\u00e4tzte Lesezeit":"2\u00a0Minuten"},"schema":{"@context":"https:\/\/schema.org","@graph":[{"@type":"WebPage","@id":"https:\/\/astropaycasinos.com\/de\/uber-uns\/","url":"https:\/\/astropaycasinos.com\/de\/uber-uns\/","name":"\u00dcber uns \u2013 AstroPay Casinos 2026","isPartOf":{"@id":"https:\/\/astropaycasinos.com\/#website"},"primaryImageOfPage":{"@id":"https:\/\/astropaycasinos.com\/de\/uber-uns\/#primaryimage"},"image":{"@id":"https:\/\/astropaycasinos.com\/de\/uber-uns\/#primaryimage"},"thumbnailUrl":"https:\/\/astropaycasinos.com\/wp-content\/uploads\/2025\/12\/Astropay-Casinos.webp","datePublished":"2026-01-02T12:50:53+00:00","dateModified":"2026-01-02T13:38:16+00:00","description":"Dies ist die \u201e\u00dcber uns\u201c-Seite von Astropay Casinos. Wer sind wir? Welche Erfahrung haben wir? Was machen wir? Erfahren Sie es hier!","breadcrumb":{"@id":"https:\/\/astropaycasinos.com\/de\/uber-uns\/#breadcrumb"},"inLanguage":"de","potentialAction":[{"@type":"ReadAction","target":["https:\/\/astropaycasinos.com\/de\/uber-uns\/"]}]},{"@type":"ImageObject","inLanguage":"de","@id":"https:\/\/astropaycasinos.com\/de\/uber-uns\/#primaryimage","url":"https:\/\/astropaycasinos.com\/wp-content\/uploads\/2025\/12\/Astropay-Casinos.webp","contentUrl":"https:\/\/astropaycasinos.com\/wp-content\/uploads\/2025\/12\/Astropay-Casinos.webp","width":300,"height":300,"caption":"Astropay Casinos"},{"@type":"BreadcrumbList","@id":"https:\/\/astropaycasinos.com\/de\/uber-uns\/#breadcrumb","itemListElement":[{"@type":"ListItem","position":1,"name":"Home","item":"https:\/\/astropaycasinos.com\/de\/"},{"@type":"ListItem","position":2,"name":"\u00dcber uns"}]},{"@type":"WebSite","@id":"https:\/\/astropaycasinos.com\/#website","url":"https:\/\/astropaycasinos.com\/","name":"AstroPay Casinos","description":"Online Casinos That Accept AstroPay","publisher":{"@id":"https:\/\/astropaycasinos.com\/#organization"},"potentialAction":[{"@type":"SearchAction","target":{"@type":"EntryPoint","urlTemplate":"https:\/\/astropaycasinos.com\/?s={search_term_string}"},"query-input":{"@type":"PropertyValueSpecification","valueRequired":true,"valueName":"search_term_string"}}],"inLanguage":"de"},{"@type":"Organization","@id":"https:\/\/astropaycasinos.com\/#organization","name":"AstroPay Casinos","url":"https:\/\/astropaycasinos.com\/","logo":{"@type":"ImageObject","inLanguage":"de","@id":"https:\/\/astropaycasinos.com\/#\/schema\/logo\/image\/","url":"https:\/\/astropaycasinos.com\/wp-content\/uploads\/2021\/08\/AstroPayCasinos-logo-light.webp","contentUrl":"https:\/\/astropaycasinos.com\/wp-content\/uploads\/2021\/08\/AstroPayCasinos-logo-light.webp","width":621,"height":171,"caption":"AstroPay Casinos"},"image":{"@id":"https:\/\/astropaycasinos.com\/#\/schema\/logo\/image\/"}}]}},"_links":{"self":[{"href":"https:\/\/astropaycasinos.com\/de\/wp-json\/wp\/v2\/pages\/3951","targetHints":{"allow":["GET"]}}],"collection":[{"href":"https:\/\/astropaycasinos.com\/de\/wp-json\/wp\/v2\/pages"}],"about":[{"href":"https:\/\/astropaycasinos.com\/de\/wp-json\/wp\/v2\/types\/page"}],"author":[{"embeddable":true,"href":"https:\/\/astropaycasinos.com\/de\/wp-json\/wp\/v2\/users\/3"}],"replies":[{"embeddable":true,"href":"https:\/\/astropaycasinos.com\/de\/wp-json\/wp\/v2\/comments?post=3951"}],"version-history":[{"count":12,"href":"https:\/\/astropaycasinos.com\/de\/wp-json\/wp\/v2\/pages\/3951\/revisions"}],"predecessor-version":[{"id":3964,"href":"https:\/\/astropaycasinos.com\/de\/wp-json\/wp\/v2\/pages\/3951\/revisions\/3964"}],"wp:featuredmedia":[{"embeddable":true,"href":"https:\/\/astropaycasinos.com\/de\/wp-json\/wp\/v2\/media\/3866"}],"wp:attachment":[{"href":"https:\/\/astropaycasinos.com\/de\/wp-json\/wp\/v2\/media?parent=3951"}],"curies":[{"name":"wp","href":"https:\/\/api.w.org\/{rel}","templated":true}]}}